{"id":91,"date":"2025-10-09T12:57:14","date_gmt":"2025-10-09T10:57:14","guid":{"rendered":"https:\/\/ark-blackcat.com\/shop-knnt\/?post_type=product&#038;p=91"},"modified":"2025-11-24T00:33:24","modified_gmt":"2025-11-23T23:33:24","slug":"pass-kin","status":"publish","type":"product","link":"https:\/\/ark-blackcat.com\/shop-knnt\/produit\/pass-kin\/","title":{"rendered":"Pass \u91d1 Kin"},"content":{"rendered":"<p class=\"my-2 [&amp;+p]:mt-4 [&amp;_strong:has(+br)]:inline-block [&amp;_strong:has(+br)]:pb-2\">D\u00e9couvrez le Pass \u91d1 Kin, troisi\u00e8me palier de la carte fid\u00e9lit\u00e9 exclusive en quantit\u00e9 tr\u00e8s limit\u00e9e (20 au total).<\/p>\n<p class=\"my-2 [&amp;+p]:mt-4 [&amp;_strong:has(+br)]:inline-block [&amp;_strong:has(+br)]:pb-2\"><strong>En r\u00e9sum\u00e9, le Pass \u91d1 Kin c&rsquo;est :<\/strong><\/p>\n<ul>\n<li><strong>Une carte \u00e0 votre nom<\/strong><\/li>\n<li><strong>15% de r\u00e9duction \u00e0 vie<\/strong><\/li>\n<li><strong>6 cartes cadeaux de 15\u20ac<\/strong><\/li>\n<\/ul>\n<p class=\"my-2 [&amp;+p]:mt-4 [&amp;_strong:has(+br)]:inline-block [&amp;_strong:has(+br)]:pb-2\">Cette carte nominative vous offre une r\u00e9duction de 15% \u00e0 vie sur tous vos achats, que ce soit lors de vos passages au food truck ou sur le site internet (hors pass et cartes cadeaux).<\/p>\n<p class=\"my-2 [&amp;+p]:mt-4 [&amp;_strong:has(+br)]:inline-block [&amp;_strong:has(+br)]:pb-2\">Le Pass Kin est accompagn\u00e9 de 5 cartes cadeaux de 15 \u20ac, plus une carte offerte suppl\u00e9mentaire, soit un total de 6 cartes cadeaux (d&rsquo;une valeur total de 90\u20ac). Les carte cadeaux sont s\u00e9cable, ce qui signifie que vous pouvez l\u2019utiliser en plusieurs fois, selon vos envies et besoins, ce qui vous offre la possibilit\u00e9 d&rsquo;en profiter \u00e0 votre rythme.<\/p>\n<p class=\"my-2 [&amp;+p]:mt-4 [&amp;_strong:has(+br)]:inline-block [&amp;_strong:has(+br)]:pb-2\">En plus de ces avantages, votre nom sera inscrit sur un tableau d\u00e9di\u00e9 dans le food truck, symbolisant votre appartenance privil\u00e9gi\u00e9e \u00e0 notre communaut\u00e9 et votre soutien \u00e0 notre projet.<\/p>\n<p class=\"my-2 [&amp;+p]:mt-4 [&amp;_strong:has(+br)]:inline-block [&amp;_strong:has(+br)]:pb-2\">Ne manquez pas cette opportunit\u00e9 unique : le Pass Kin est un objet tr\u00e8s rare, r\u00e9serv\u00e9 \u00e0 un nombre limit\u00e9 de personnes qui souhaitent profiter pleinement de cet avantage exclusif.<\/p>\n<p>Votre pass ainsi que les cartes cadeaux vous sera envoy\u00e9e par courrier postal, soigneusement emball\u00e9s.<\/p>\n<ul>\n<li>Conditions et date d&rsquo;expiration du pass : carte nominative et sans limitation de dur\u00e9e, les pass et cartes cadeaux sont exclus de la remise de 15%.<\/li>\n<li>Date d&rsquo;expiration des cartes cadeaux : 31 d\u00e9cembre 2026.<\/li>\n<\/ul>\n<p><em>Les visuels finaux des Pass et de la carte cadeau sont en cours d&rsquo;\u00e9laboration<\/em><\/p>\n","protected":false},"excerpt":{"rendered":"<p>D\u00e9couvrez le Pass \u91d1 Kin, troisi\u00e8me palier de la carte fid\u00e9lit\u00e9 exclusive en quantit\u00e9 tr\u00e8s limit\u00e9e (20 au total). En r\u00e9sum\u00e9, le Pass \u91d1 Kin c&rsquo;est : Une carte \u00e0 votre nom 15% de r\u00e9duction \u00e0 vie 6 cartes cadeaux de 15\u20ac Cette carte nominative vous offre une r\u00e9duction de 15% \u00e0 vie sur tous [&hellip;]<\/p>\n","protected":false},"featured_media":170,"comment_status":"open","ping_status":"closed","template":"","meta":[],"product_brand":[],"product_cat":[22,24],"product_tag":[],"class_list":{"0":"post-91","1":"product","2":"type-product","3":"status-publish","4":"has-post-thumbnail","6":"product_cat-kami-neko-cards","7":"product_cat-crowdfunding","9":"first","10":"instock","11":"sale","12":"featured","13":"shipping-taxable","14":"purchasable","15":"product-type-simple"},"jetpack_sharing_enabled":true,"_links":{"self":[{"href":"https:\/\/ark-blackcat.com\/shop-knnt\/wp-json\/wp\/v2\/product\/91","targetHints":{"allow":["GET"]}}],"collection":[{"href":"https:\/\/ark-blackcat.com\/shop-knnt\/wp-json\/wp\/v2\/product"}],"about":[{"href":"https:\/\/ark-blackcat.com\/shop-knnt\/wp-json\/wp\/v2\/types\/product"}],"replies":[{"embeddable":true,"href":"https:\/\/ark-blackcat.com\/shop-knnt\/wp-json\/wp\/v2\/comments?post=91"}],"wp:featuredmedia":[{"embeddable":true,"href":"https:\/\/ark-blackcat.com\/shop-knnt\/wp-json\/wp\/v2\/media\/170"}],"wp:attachment":[{"href":"https:\/\/ark-blackcat.com\/shop-knnt\/wp-json\/wp\/v2\/media?parent=91"}],"wp:term":[{"taxonomy":"product_brand","embeddable":true,"href":"https:\/\/ark-blackcat.com\/shop-knnt\/wp-json\/wp\/v2\/product_brand?post=91"},{"taxonomy":"product_cat","embeddable":true,"href":"https:\/\/ark-blackcat.com\/shop-knnt\/wp-json\/wp\/v2\/product_cat?post=91"},{"taxonomy":"product_tag","embeddable":true,"href":"https:\/\/ark-blackcat.com\/shop-knnt\/wp-json\/wp\/v2\/product_tag?post=91"}],"curies":[{"name":"wp","href":"https:\/\/api.w.org\/{rel}","templated":true}]}}