{"id":207,"date":"2025-11-24T11:46:39","date_gmt":"2025-11-24T10:46:39","guid":{"rendered":"https:\/\/ark-blackcat.com\/shop-knnt\/?page_id=207"},"modified":"2025-11-25T18:51:47","modified_gmt":"2025-11-25T17:51:47","slug":"faq","status":"publish","type":"page","link":"https:\/\/ark-blackcat.com\/shop-knnt\/faq\/","title":{"rendered":"FAQ"},"content":{"rendered":"\n<p class=\"has-text-align-center\">Cette FAQ est en cours de r\u00e9daction, si les r\u00e9ponses \u00e0 vos questions n&rsquo;apparaissent pas encore ici, vous pouvez me contacter :&nbsp;<\/p>\n\n\n\n<div class=\"wp-block-group has-global-padding is-layout-constrained wp-block-group-is-layout-constrained\">\n<div class=\"wp-block-buttons is-content-justification-center is-layout-flex wp-container-core-buttons-is-layout-a89b3969 wp-block-buttons-is-layout-flex\">\n<div class=\"wp-block-button\"><a class=\"wp-block-button__link wp-element-button\" href=\"https:\/\/ark-blackcat.com\/shop-knnt\/contact\/\">Formulaire de contact<\/a><\/div>\n\n\n\n<div class=\"wp-block-button\"><a class=\"wp-block-button__link wp-element-button\" href=\"https:\/\/wa.me\/33659579336\" target=\"_blank\" rel=\"noreferrer noopener\">Whatsapp<\/a><\/div>\n\n\n\n<div class=\"wp-block-button\"><a class=\"wp-block-button__link wp-element-button\" href=\"https:\/\/www.instagram.com\/kn.yatai\/\" target=\"_blank\" rel=\"noreferrer noopener\">Instagram<\/a><\/div>\n\n\n\n<div class=\"wp-block-button\"><a class=\"wp-block-button__link wp-element-button\" href=\"https:\/\/www.facebook.com\/kn.yatai\" target=\"_blank\" rel=\"noreferrer noopener\">Facebook<\/a><\/div>\n<\/div>\n\n\n\n<p class=\"has-text-align-center\">Ou parcourir le site, sur la page du <a href=\"https:\/\/ark-blackcat.com\/shop-knnt\/le-projet\/\" data-type=\"page\" data-id=\"2\">Projet<\/a> ou celle du <a href=\"https:\/\/ark-blackcat.com\/shop-knnt\/crowdfunding\/\" data-type=\"page\" data-id=\"108\">Crowdfunding<\/a>.<\/p>\n<\/div>\n\n\n\n<hr class=\"wp-block-separator has-alpha-channel-opacity\"\/>\n\n\n\n<p class=\"has-large-font-size\" style=\"font-style:normal;font-weight:800\">FAQ MOYEN DE PAIEMENT SUR LE SITE<\/p>\n\n\n\n<ul class=\"wp-block-list\">\n<li style=\"font-style:normal;font-weight:700\">Quels sont les moyens de paiements disponibles sur la boutique ?<\/li>\n<\/ul>\n\n\n\n<p>J&rsquo;ai choisi d&rsquo;utiliser PayPal comme solution de paiement en ligne.<\/p>\n\n\n\n<p>Il est possible de payer soit par <strong>CARTE BANCAIRE<\/strong> soit en se connectant \u00e0 votre <strong>COMPTE PayPal<\/strong>.<\/p>\n\n\n\n<p class=\"has-large-font-size\" style=\"font-style:normal;font-weight:800\">FAQ PASS ET CARTES CADEAUX<\/p>\n\n\n\n<ul class=\"wp-block-list\">\n<li style=\"font-style:normal;font-weight:700\">Comment et \u00e0 quelle date recevrai-je mon Pass et\/ou mes cartes cadeaux ?<\/li>\n<\/ul>\n\n\n\n<p>Les cartes cadeaux seront exp\u00e9di\u00e9es au plus tard le 15 d\u00e9cembre 2025 pour toute commande pass\u00e9e avant le 10 d\u00e9cembre 2025, par voie postale. Pour les Pass, ils seront transmis dans un premier temps sous forme d\u00e9mat\u00e9rialis\u00e9e, la production de ces Pass prenant plus de temps que l\u2019impression des cartes cadeaux.<\/p>\n\n\n\n<ul class=\"wp-block-list\">\n<li style=\"font-style:normal;font-weight:700\">Comment sont utilisables les Pass et les cartes cadeaux ?<\/li>\n<\/ul>\n\n\n\n<p>Les Pass et les cartes cadeaux seront utilisables sur place, au food truck, mais aussi sur le site internet (par exemple pour effectuer une r\u00e9servation en ligne ou profiter des futurs produits de la boutique).<\/p>\n\n\n\n<ul class=\"wp-block-list\">\n<li style=\"font-style:normal;font-weight:700\">Quelle est la date de validit\u00e9 des cartes cadeaux ?<\/li>\n<\/ul>\n\n\n\n<p>Les cartes cadeaux \u00e9mises jusqu\u2019au 21 avril 2026 seront valables jusqu\u2019au 31 d\u00e9cembre 2026. Apr\u00e8s le 21 avril 2026, toutes les cartes cadeaux seront valable 1 an.<\/p>\n\n\n\n<ul class=\"wp-block-list\">\n<li style=\"font-style:normal;font-weight:700\">Quelle est la date de validit\u00e9 des Pass ?<\/li>\n<\/ul>\n\n\n\n<p>Les Pass sont valables \u00e0 vie, sans limitation de dur\u00e9e.<\/p>\n\n\n\n<ul class=\"wp-block-list\">\n<li style=\"font-style:normal;font-weight:700\">Est-ce que les Pass et cartes cadeaux sont nominatifs ?<\/li>\n<\/ul>\n\n\n\n<p>Les Pass sont nominatifs et utilisables uniquement par l\u2019acqu\u00e9reur. Les cartes cadeaux ne sont pas nominatives, elles peuvent \u00eatre utilis\u00e9es par vous ou par les personnes \u00e0 qui vous voudriez les offrir.<\/p>\n\n\n\n<ul class=\"wp-block-list\">\n<li style=\"font-style:normal;font-weight:700\">Pour les Pass, quels produits sont \u00e9ligibles \u00e0 la remise (de 5 \u00e0 20% selon le Pass choisi) ?<\/li>\n<\/ul>\n\n\n\n<p>La remise est accord\u00e9e sur tous les produits de la boutique, exception faite des \u201ccartes cadeaux\u201d et des \u201cPass\u201d. Les Pass et les cartes cadeaux seront utilisables sur place, au food truck, mais aussi sur le site internet (par exemple pour effectuer une r\u00e9servation en ligne ou profiter des futurs produits de la boutique).<\/p>\n\n\n\n<hr class=\"wp-block-separator has-alpha-channel-opacity\"\/>\n\n\n\n<p class=\"has-large-font-size\" style=\"font-style:normal;font-weight:800\">FAQ FOOD TRUCK<\/p>\n\n\n\n<ul class=\"wp-block-list\">\n<li style=\"font-style:normal;font-weight:700\">O\u00f9 pourrais-je retrouver le food truck et \u00e0 quelles dates ?<\/li>\n<\/ul>\n\n\n\n<p>Le food truck sera pleinement op\u00e9rationnel au printemps 2026. Un calendrier des disponibilit\u00e9s au Puy-en-Velay et alentours, des \u00e9v\u00e9nements locaux et des \u00e9v\u00e9nements nationaux sera publi\u00e9 sur le site internet et sur les r\u00e9seaux sociaux.<\/p>\n\n\n\n<ul class=\"wp-block-list\">\n<li style=\"font-style:normal;font-weight:700\">Quels genres de repas \/ plats pourrais-je trouver dans le food truck ?<\/li>\n<\/ul>\n\n\n\n<p>Je compte proposer une carte de plats et repas divers et vari\u00e9s, allant des ramens au okonomiyaki, en passant par les soba ou les don et autres plats japonais populaires. Toujours en accord avec les produits de saison et mes envies de partager la gastronomie japonaise.<\/p>\n","protected":false},"excerpt":{"rendered":"<p>Cette FAQ est en cours de r\u00e9daction, si les r\u00e9ponses \u00e0 vos questions n&rsquo;apparaissent pas encore ici, vous pouvez me contacter :&nbsp; Ou parcourir le site, sur la page du Projet ou celle du Crowdfunding. FAQ MOYEN DE PAIEMENT SUR LE SITE J&rsquo;ai choisi d&rsquo;utiliser PayPal comme solution de paiement en ligne. Il est possible [&hellip;]<\/p>\n","protected":false},"author":1,"featured_media":0,"parent":0,"menu_order":0,"comment_status":"closed","ping_status":"closed","template":"","meta":{"footnotes":""},"class_list":["post-207","page","type-page","status-publish","hentry"],"jetpack_sharing_enabled":true,"_links":{"self":[{"href":"https:\/\/ark-blackcat.com\/shop-knnt\/wp-json\/wp\/v2\/pages\/207","targetHints":{"allow":["GET"]}}],"collection":[{"href":"https:\/\/ark-blackcat.com\/shop-knnt\/wp-json\/wp\/v2\/pages"}],"about":[{"href":"https:\/\/ark-blackcat.com\/shop-knnt\/wp-json\/wp\/v2\/types\/page"}],"author":[{"embeddable":true,"href":"https:\/\/ark-blackcat.com\/shop-knnt\/wp-json\/wp\/v2\/users\/1"}],"replies":[{"embeddable":true,"href":"https:\/\/ark-blackcat.com\/shop-knnt\/wp-json\/wp\/v2\/comments?post=207"}],"version-history":[{"count":5,"href":"https:\/\/ark-blackcat.com\/shop-knnt\/wp-json\/wp\/v2\/pages\/207\/revisions"}],"predecessor-version":[{"id":223,"href":"https:\/\/ark-blackcat.com\/shop-knnt\/wp-json\/wp\/v2\/pages\/207\/revisions\/223"}],"wp:attachment":[{"href":"https:\/\/ark-blackcat.com\/shop-knnt\/wp-json\/wp\/v2\/media?parent=207"}],"curies":[{"name":"wp","href":"https:\/\/api.w.org\/{rel}","templated":true}]}}