{"id":2,"date":"2025-10-09T11:05:14","date_gmt":"2025-10-09T09:05:14","guid":{"rendered":"https:\/\/ark-blackcat.com\/shop-knnt\/?page_id=2"},"modified":"2025-11-23T19:04:19","modified_gmt":"2025-11-23T18:04:19","slug":"le-projet","status":"publish","type":"page","link":"https:\/\/ark-blackcat.com\/shop-knnt\/le-projet\/","title":{"rendered":"Le projet"},"content":{"rendered":"\n<p class=\"has-text-align-center has-raleway-font-family has-medium-font-size\" style=\"font-style:normal;font-weight:700\">Le projet propose de faire voyager les papilles comme si nous \u00e9tions dans les rues japonaises. Inspir\u00e9 des yatai, ces \u00e9choppes traditionnelles japonaises, ce food truck met en valeur des sp\u00e9cialit\u00e9s de rue chaudes et r\u00e9confortantes, pr\u00e9par\u00e9es avec des ingr\u00e9dients de qualit\u00e9 et une authenticit\u00e9 respectueuse de la tradition.<\/p>\n\n\n\n<figure class=\"wp-block-image size-large is-style-rounded is-style-rounded--1\"><img loading=\"lazy\" decoding=\"async\" width=\"1024\" height=\"1024\" src=\"https:\/\/ark-blackcat.com\/shop-knnt\/wp-content\/uploads\/2025\/11\/generated-image-10-1024x1024.jpg\" alt=\"\" class=\"wp-image-99\" style=\"aspect-ratio:16\/9;object-fit:cover\" srcset=\"https:\/\/ark-blackcat.com\/shop-knnt\/wp-content\/uploads\/2025\/11\/generated-image-10-1024x1024.jpg 1024w, https:\/\/ark-blackcat.com\/shop-knnt\/wp-content\/uploads\/2025\/11\/generated-image-10-300x300.jpg 300w, https:\/\/ark-blackcat.com\/shop-knnt\/wp-content\/uploads\/2025\/11\/generated-image-10-150x150.jpg 150w, https:\/\/ark-blackcat.com\/shop-knnt\/wp-content\/uploads\/2025\/11\/generated-image-10-768x768.jpg 768w, https:\/\/ark-blackcat.com\/shop-knnt\/wp-content\/uploads\/2025\/11\/generated-image-10-1536x1536.jpg 1536w, https:\/\/ark-blackcat.com\/shop-knnt\/wp-content\/uploads\/2025\/11\/generated-image-10-600x600.jpg 600w, https:\/\/ark-blackcat.com\/shop-knnt\/wp-content\/uploads\/2025\/11\/generated-image-10-100x100.jpg 100w, https:\/\/ark-blackcat.com\/shop-knnt\/wp-content\/uploads\/2025\/11\/generated-image-10.jpg 2048w\" sizes=\"auto, (max-width: 1024px) 100vw, 1024px\" \/><\/figure>\n\n\n\n<div class=\"wp-block-group has-global-padding is-layout-constrained wp-block-group-is-layout-constrained\">\n<h2 class=\"wp-block-heading\" style=\"font-style:italic;font-weight:800\"><strong><strong>Campagne de financement<\/strong><\/strong><\/h2>\n\n\n\n<p class=\"has-raleway-font-family has-medium-font-size\" style=\"font-style:italic;font-weight:700\">Pour donner vie au projet Kuro Neko no Yatai, j&rsquo;ai besoin de vous. Gr\u00e2ce \u00e0 votre soutien, le food truck japonais pourra prendre la route au printemps 2026 et vous offrir des saveurs authentiques et uniques&#8230;<\/p>\n\n\n\n<div class=\"wp-block-buttons is-layout-flex wp-block-buttons-is-layout-flex\">\n<div class=\"wp-block-button\"><a class=\"wp-block-button__link wp-element-button\" href=\"https:\/\/ark-blackcat.com\/shop-knnt\/crowdfunding\/\" style=\"font-style:italic;font-weight:700\">Lire la suite&#8230;<\/a><\/div>\n<\/div>\n<\/div>\n\n\n\n<div class=\"wp-block-group has-global-padding is-layout-constrained wp-block-group-is-layout-constrained\">\n<h2 class=\"wp-block-heading\"><strong><strong>Qui suis-je ?<\/strong><\/strong><\/h2>\n\n\n\n<p class=\"has-raleway-font-family has-medium-font-size\" style=\"font-style:normal;font-weight:700\">Je m\u2019appelle Kevin Arsac, originaire du Puy-en-Velay et r\u00e9sidant ici depuis 2019 apr\u00e8s avoir v\u00e9cu \u00e0 Montpellier et \u00e0 Auxerre, bient\u00f4t 40 ans et papa d\u2019un petit gar\u00e7on de 5 ans.&nbsp;<\/p>\n\n\n\n<figure class=\"wp-block-image aligncenter size-medium is-style-rounded is-style-rounded--2\"><img loading=\"lazy\" decoding=\"async\" width=\"300\" height=\"300\" src=\"https:\/\/ark-blackcat.com\/shop-knnt\/wp-content\/uploads\/2025\/11\/003_Enchante-300x300.png\" alt=\"\" class=\"wp-image-98\" srcset=\"https:\/\/ark-blackcat.com\/shop-knnt\/wp-content\/uploads\/2025\/11\/003_Enchante-300x300.png 300w, https:\/\/ark-blackcat.com\/shop-knnt\/wp-content\/uploads\/2025\/11\/003_Enchante-1024x1024.png 1024w, https:\/\/ark-blackcat.com\/shop-knnt\/wp-content\/uploads\/2025\/11\/003_Enchante-150x150.png 150w, https:\/\/ark-blackcat.com\/shop-knnt\/wp-content\/uploads\/2025\/11\/003_Enchante-768x768.png 768w, https:\/\/ark-blackcat.com\/shop-knnt\/wp-content\/uploads\/2025\/11\/003_Enchante-600x600.png 600w, https:\/\/ark-blackcat.com\/shop-knnt\/wp-content\/uploads\/2025\/11\/003_Enchante-100x100.png 100w, https:\/\/ark-blackcat.com\/shop-knnt\/wp-content\/uploads\/2025\/11\/003_Enchante.png 1350w\" sizes=\"auto, (max-width: 300px) 100vw, 300px\" \/><\/figure>\n\n\n\n<p class=\"has-raleway-font-family has-medium-font-size\" style=\"font-style:normal;font-weight:700\">On me surnomme depuis longtemps Chat Noir, Black Cat ou, en japonais, Kuro Neko. Passionn\u00e9 depuis longtemps de culture pop\/geek\/otaku et par le Japon.<\/p>\n\n\n\n<p class=\"has-raleway-font-family has-medium-font-size\" style=\"font-style:normal;font-weight:700\">Cela fait maintenant presque 20 ans que je travaille, d&rsquo;une mani\u00e8re ou d&rsquo;une autre, dans l&rsquo;\u00e9v\u00e9nementiel. Secteurs vari\u00e9s qui prennent une grande place dans ma vie, rythm\u00e9e par les rencontres, les \u00e9changes, les voyages. Autre passion : la cuisine ! Que j&rsquo;exerce en tant que \u00ab\u00a0amateur \u00e9clair\u00e9\u00a0\u00bb, d\u00e8s que j&rsquo;ai l&rsquo;occasion d&rsquo;\u00eatre derri\u00e8re les fourneaux j&rsquo;enfile mon tablier et c&rsquo;est partit !<\/p>\n\n\n\n<p class=\"has-raleway-font-family has-medium-font-size\" style=\"font-style:normal;font-weight:700\">Apr\u00e8s beaucoup de changements dans ma vie personnelle et professionnelle cette ann\u00e9e, j&rsquo;ai r\u00e9alis\u00e9 que faire partie de l&rsquo;univers \u00ab\u00a0\u00e9v\u00e9nementiel\u00a0\u00bb&nbsp; est quelque chose qui me comble vraiment et me donne envie d&rsquo;avancer. Donc l&rsquo;engagement est tr\u00e8s fort ! Je sais que j&rsquo;adore sociabiliser et j&rsquo;y mets l&rsquo;\u00e9nergie n\u00e9cessaire pour que les relations soient bienveillantes et conviviales. J&rsquo;aime comparer mon caract\u00e8re \u00e0 celui d&rsquo;un chat : tr\u00e8s souvent curieux, toujours agile et flexible, d&rsquo;ordinaire sensible, pas trop b\u00eate, assid\u00fbment spontan\u00e9.<\/p>\n<\/div>\n\n\n\n<div class=\"wp-block-group has-global-padding is-layout-constrained wp-block-group-is-layout-constrained\">\n<h2 class=\"wp-block-heading\"><strong><strong>Le Projet de food truck japonais<\/strong><\/strong><\/h2>\n\n\n\n<p class=\"has-raleway-font-family has-large-font-size\" style=\"font-style:normal;font-weight:700\"><strong>Un food truck au gr\u00e9 des \u00e9v\u00e9nements<\/strong><\/p>\n\n\n\n<p class=\"has-raleway-font-family has-medium-font-size\" style=\"font-style:normal;font-weight:700\">Kuro Neko no Yatai sera pr\u00e9sent sur les festivals, march\u00e9s, conventions et \u00e9v\u00e9nements priv\u00e9s, partout en France. Une belle occasion de partager ensemble des exp\u00e9riences gourmandes !<\/p>\n\n\n\n<p class=\"has-raleway-font-family has-large-font-size\" style=\"font-style:normal;font-weight:700\"><strong>Pr\u00e9sence locale et projets futurs<\/strong><\/p>\n\n\n\n<p class=\"has-raleway-font-family has-medium-font-size\" style=\"font-style:normal;font-weight:700\">Au Puy et dans ses alentours, je m&rsquo;installerai ponctuellement, selon un calendrier qui sera communiqu\u00e9 clairement. \u00c0 moyen terme, je r\u00eave d&rsquo;un lieu chaleureux fa\u00e7on izakaya, un laboratoire avec quelques places assises pour vous accueillir.<\/p>\n\n\n\n<p class=\"has-raleway-font-family has-large-font-size\" style=\"font-style:normal;font-weight:700\"><strong>Lancement et \u00e9tapes cl\u00e9s<\/strong><\/p>\n\n\n\n<ul class=\"wp-block-list\">\n<li class=\"has-raleway-font-family has-medium-font-size\" style=\"font-style:normal;font-weight:700\"><strong>Printemps 2026<\/strong> : Le grand d\u00e9part ! Le Yatai sillonnera les routes pour des d\u00e9couvertes authentiques et gourmandes.<\/li>\n\n\n\n<li class=\"has-raleway-font-family has-medium-font-size\" style=\"font-style:normal;font-weight:700\"><strong>Cet hiver<\/strong> : Je co-organiserai et participerai \u00e0 plusieurs \u00e9v\u00e9nements pour vous faire d\u00e9couvrir l&rsquo;esprit Yatai en avant-premi\u00e8re.<\/li>\n<\/ul>\n\n\n\n<p class=\"has-raleway-font-family has-large-font-size\" style=\"font-style:normal;font-weight:700\"><strong>Un Yatai authentique et durable<\/strong><\/p>\n\n\n\n<p class=\"has-raleway-font-family has-medium-font-size\" style=\"font-style:normal;font-weight:700\">Je consacre actuellement mon temps \u00e0 la construction d&rsquo;un yatai en bois, gage d&rsquo;authenticit\u00e9. Il sera mont\u00e9 sur une remorque (budget estim\u00e9 \u00e0 15 000 \u20ac) avec une d\u00e9coration modulable pour s&rsquo;adapter aux saisons et \u00e9v\u00e9nements, m\u00ealant artisanat et cr\u00e9ativit\u00e9 pour une aventure durable.<\/p>\n\n\n\n<p class=\"has-raleway-font-family has-large-font-size\" style=\"font-style:normal;font-weight:700\"><strong>Restez connect\u00e9s !<\/strong><\/p>\n\n\n\n<p class=\"has-raleway-font-family has-medium-font-size\" style=\"font-style:normal;font-weight:700\">Un immense merci \u00e0 vous pour votre soutien et votre passion. De belles surprises arrivent bient\u00f4t !<\/p>\n\n\n\n<p class=\"has-raleway-font-family has-medium-font-size\" style=\"font-style:normal;font-weight:700\">#foodtruck #foodtruckfrance #japonais #japon #streetfood #yatai #izakaya #cuisinejaponaise #lepuyeenvelay #france #gastronomie<\/p>\n<\/div>\n\n\n\n<div class=\"wp-block-group has-global-padding is-layout-constrained wp-block-group-is-layout-constrained\">\n<h2 class=\"wp-block-heading\" style=\"font-style:italic;font-weight:800\"><strong><strong>Campagne de financement<\/strong><\/strong><\/h2>\n\n\n\n<p class=\"has-raleway-font-family has-medium-font-size\" style=\"font-style:italic;font-weight:700\">Pour donner vie au projet Kuro Neko no Yatai, j&rsquo;ai besoin de vous. Gr\u00e2ce \u00e0 votre soutien, le food truck japonais pourra prendre la route au printemps 2026 et vous offrir des saveurs authentiques et uniques&#8230;<\/p>\n\n\n\n<div class=\"wp-block-buttons is-layout-flex wp-block-buttons-is-layout-flex\">\n<div class=\"wp-block-button\"><a class=\"wp-block-button__link wp-element-button\" href=\"https:\/\/ark-blackcat.com\/shop-knnt\/crowdfunding\/\" style=\"font-style:italic;font-weight:700\">Lire la suite&#8230;<\/a><\/div>\n<\/div>\n<\/div>\n","protected":false},"excerpt":{"rendered":"<p>Le projet propose de faire voyager les papilles comme si nous \u00e9tions dans les rues japonaises. Inspir\u00e9 des yatai, ces \u00e9choppes traditionnelles japonaises, ce food truck met en valeur des sp\u00e9cialit\u00e9s de rue chaudes et r\u00e9confortantes, pr\u00e9par\u00e9es avec des ingr\u00e9dients de qualit\u00e9 et une authenticit\u00e9 respectueuse de la tradition. Campagne de financement Pour donner vie [&hellip;]<\/p>\n","protected":false},"author":1,"featured_media":0,"parent":0,"menu_order":0,"comment_status":"closed","ping_status":"open","template":"","meta":{"footnotes":""},"class_list":["post-2","page","type-page","status-publish","hentry"],"jetpack_sharing_enabled":true,"_links":{"self":[{"href":"https:\/\/ark-blackcat.com\/shop-knnt\/wp-json\/wp\/v2\/pages\/2","targetHints":{"allow":["GET"]}}],"collection":[{"href":"https:\/\/ark-blackcat.com\/shop-knnt\/wp-json\/wp\/v2\/pages"}],"about":[{"href":"https:\/\/ark-blackcat.com\/shop-knnt\/wp-json\/wp\/v2\/types\/page"}],"author":[{"embeddable":true,"href":"https:\/\/ark-blackcat.com\/shop-knnt\/wp-json\/wp\/v2\/users\/1"}],"replies":[{"embeddable":true,"href":"https:\/\/ark-blackcat.com\/shop-knnt\/wp-json\/wp\/v2\/comments?post=2"}],"version-history":[{"count":6,"href":"https:\/\/ark-blackcat.com\/shop-knnt\/wp-json\/wp\/v2\/pages\/2\/revisions"}],"predecessor-version":[{"id":152,"href":"https:\/\/ark-blackcat.com\/shop-knnt\/wp-json\/wp\/v2\/pages\/2\/revisions\/152"}],"wp:attachment":[{"href":"https:\/\/ark-blackcat.com\/shop-knnt\/wp-json\/wp\/v2\/media?parent=2"}],"curies":[{"name":"wp","href":"https:\/\/api.w.org\/{rel}","templated":true}]}}