{"id":153,"date":"2025-11-23T19:30:35","date_gmt":"2025-11-23T18:30:35","guid":{"rendered":"https:\/\/ark-blackcat.com\/shop-knnt\/?page_id=153"},"modified":"2025-11-23T19:31:36","modified_gmt":"2025-11-23T18:31:36","slug":"mentions-legales","status":"publish","type":"page","link":"https:\/\/ark-blackcat.com\/shop-knnt\/mentions-legales\/","title":{"rendered":"Mentions L\u00e9gales"},"content":{"rendered":"\n<h2 class=\"wp-block-heading\" id=\"mentions-lgales\">Mentions L\u00e9gales<\/h2>\n\n\n\n<h2 class=\"wp-block-heading\">\u00c9diteur du site<\/h2>\n\n\n\n<p>Le site est \u00e9dit\u00e9 par :<br>Kevin Arsac<br>Entrepreneur individuel KNNT<br>Adresse : 15 Bd George Sand, 43000 Le Puy-en-Velay, France<br>Num\u00e9ro SIRET : 992 440 206 00017<br>RCS Le Puy-en-Velay : 992 440 206<br>TVA : Non soumis \u00e0 la TVA<\/p>\n\n\n\n<h2 class=\"wp-block-heading\">Responsable de la publication<\/h2>\n\n\n\n<p>Kevin Arsac<\/p>\n\n\n\n<h2 class=\"wp-block-heading\">Coordonn\u00e9es de contact<\/h2>\n\n\n\n<p>T\u00e9l\u00e9phone : 06 59 57 93 36<br>Email :&nbsp;<a rel=\"noreferrer noopener\" target=\"_blank\" href=\"mailto:ark.yatai@gmail.com\">ark.yatai@gmail.com<\/a><\/p>\n\n\n\n<h2 class=\"wp-block-heading\">H\u00e9bergeur du site<\/h2>\n\n\n\n<p>IONOS SARL<br>7, place de la Gare<br>BP 70109<br>57200 Sarreguemines Cedex<br>France<br>T\u00e9l\u00e9phone : (\u00e0 compl\u00e9ter \u00e9ventuellement)<\/p>\n\n\n\n<h2 class=\"wp-block-heading\">Propri\u00e9t\u00e9 intellectuelle<\/h2>\n\n\n\n<p>Tous les contenus pr\u00e9sents sur ce site (textes, images, vid\u00e9os, logos, etc.) sont la propri\u00e9t\u00e9 exclusive de KNNT ou de ses partenaires. Toute reproduction, modification, distribution ou utilisation sans autorisation \u00e9crite pr\u00e9alable est interdite.<\/p>\n\n\n\n<h2 class=\"wp-block-heading\">Responsabilit\u00e9<\/h2>\n\n\n\n<p>KNNT s&rsquo;efforce d&rsquo;assurer l&rsquo;exactitude des informations publi\u00e9es sur le site, mais ne peut garantir leur exhaustivit\u00e9 ou leur mise \u00e0 jour permanente. L&rsquo;utilisateur est responsable de l&rsquo;usage qu&rsquo;il fait des informations disponibles.<\/p>\n\n\n\n<h2 class=\"wp-block-heading\">Donn\u00e9es personnelles (RGPD)<\/h2>\n\n\n\n<p>Les donn\u00e9es personnelles recueillies via le site sont utilis\u00e9es uniquement pour la gestion des commandes et la communication avec les clients. Elles ne sont pas c\u00e9d\u00e9es \u00e0 des tiers. Conform\u00e9ment au RGPD, vous disposez d&rsquo;un droit d&rsquo;acc\u00e8s, de rectification et de suppression de vos donn\u00e9es sur simple demande.<\/p>\n\n\n\n<h2 class=\"wp-block-heading\">Conditions G\u00e9n\u00e9rales de Vente (CGV)<\/h2>\n\n\n\n<p>Les CGV sont disponibles sur [lien ou page d\u00e9di\u00e9e], elles pr\u00e9cisent les modalit\u00e9s de commande, de paiement, de livraison et de droit de r\u00e9tractation.<\/p>\n","protected":false},"excerpt":{"rendered":"<p>Mentions L\u00e9gales \u00c9diteur du site Le site est \u00e9dit\u00e9 par :Kevin ArsacEntrepreneur individuel KNNTAdresse : 15 Bd George Sand, 43000 Le Puy-en-Velay, FranceNum\u00e9ro SIRET : 992 440 206 00017RCS Le Puy-en-Velay : 992 440 206TVA : Non soumis \u00e0 la TVA Responsable de la publication Kevin Arsac Coordonn\u00e9es de contact T\u00e9l\u00e9phone : 06 59 57 [&hellip;]<\/p>\n","protected":false},"author":1,"featured_media":0,"parent":0,"menu_order":0,"comment_status":"closed","ping_status":"closed","template":"","meta":{"footnotes":""},"class_list":["post-153","page","type-page","status-publish","hentry"],"jetpack_sharing_enabled":true,"_links":{"self":[{"href":"https:\/\/ark-blackcat.com\/shop-knnt\/wp-json\/wp\/v2\/pages\/153","targetHints":{"allow":["GET"]}}],"collection":[{"href":"https:\/\/ark-blackcat.com\/shop-knnt\/wp-json\/wp\/v2\/pages"}],"about":[{"href":"https:\/\/ark-blackcat.com\/shop-knnt\/wp-json\/wp\/v2\/types\/page"}],"author":[{"embeddable":true,"href":"https:\/\/ark-blackcat.com\/shop-knnt\/wp-json\/wp\/v2\/users\/1"}],"replies":[{"embeddable":true,"href":"https:\/\/ark-blackcat.com\/shop-knnt\/wp-json\/wp\/v2\/comments?post=153"}],"version-history":[{"count":1,"href":"https:\/\/ark-blackcat.com\/shop-knnt\/wp-json\/wp\/v2\/pages\/153\/revisions"}],"predecessor-version":[{"id":154,"href":"https:\/\/ark-blackcat.com\/shop-knnt\/wp-json\/wp\/v2\/pages\/153\/revisions\/154"}],"wp:attachment":[{"href":"https:\/\/ark-blackcat.com\/shop-knnt\/wp-json\/wp\/v2\/media?parent=153"}],"curies":[{"name":"wp","href":"https:\/\/api.w.org\/{rel}","templated":true}]}}